{"id":2788,"date":"2020-12-09T09:14:17","date_gmt":"2020-12-09T08:14:17","guid":{"rendered":"https:\/\/josegisbert.es\/?page_id=2788"},"modified":"2024-05-27T12:49:41","modified_gmt":"2024-05-27T10:49:41","slug":"productos-sostenibles-y-certificados","status":"publish","type":"page","link":"https:\/\/josegisbert.es\/es\/es\/productos-sostenibles-y-certificados\/","title":{"rendered":"Productos sostenibles y certificados"},"content":{"rendered":"\t\t<div data-elementor-type=\"wp-page\" data-elementor-id=\"2788\" class=\"elementor elementor-2788\" data-elementor-settings=\"[]\">\n\t\t\t\t\t\t<div class=\"elementor-inner\">\n\t\t\t\t\t\t\t<div class=\"elementor-section-wrap\">\n\t\t\t\t\t\t\t<section class=\"elementor-section elementor-top-section elementor-element elementor-element-1a2d1ca elementor-section-boxed elementor-section-height-default elementor-section-height-default\" data-id=\"1a2d1ca\" data-element_type=\"section\">\n\t\t\t\t\t\t<div class=\"elementor-container elementor-column-gap-default\">\n\t\t\t\t\t\t\t<div class=\"elementor-row\">\n\t\t\t\t\t<div class=\"elementor-column elementor-col-100 elementor-top-column elementor-element elementor-element-e4cbf92\" data-id=\"e4cbf92\" data-element_type=\"column\">\n\t\t\t<div class=\"elementor-column-wrap elementor-element-populated\">\n\t\t\t\t\t\t\t<div class=\"elementor-widget-wrap\">\n\t\t\t\t\t\t<div class=\"elementor-element elementor-element-fba2bd2 elementor-widget elementor-widget-text-editor\" data-id=\"fba2bd2\" data-element_type=\"widget\" data-widget_type=\"text-editor.default\">\n\t\t\t\t<div class=\"elementor-widget-container\">\n\t\t\t\t\t<div class=\"elementor-text-editor elementor-clearfix\"><p style=\"text-align: center;\"><span style=\"font-size: 12pt;\">Cada d\u00eda, la poblaci\u00f3n es m\u00e1s consciente de que <b>debemos cuidar y preservar nuestro planeta<\/b>, y por ello, cada vez son m\u00e1s los clientes y consumidores que demandan <b>productos m\u00e1s ecol\u00f3gicos, m\u00e1s sostenibles y mejores para la salud<\/b> y para el medio ambiente, as\u00ed como, que las condiciones de trabajo de los trabajadores que los producen sean dignas.<\/span><\/p><p style=\"text-align: center;\"><span style=\"font-size: 12pt;\">Atendiendo a esta necesidad,\u00a0<b>JOS\u00c9 GISBERT presenta SENSAT Eco Friendly Fabrics<\/b>, para ofrecer en el mercado una gama completa de tejidos fabricados con materias recicladas de diferentes procedencias,\u00a0<b>impulsando as\u00ed la econom\u00eda circular<\/b>\u00a0y otros, fabricados con algod\u00f3n org\u00e1nico y materia ecol\u00f3gicas; todos ellos\u00a0<b>desarrollados bajo unos par\u00e1metros de sostenibilidad y eficiencia<\/b>.<\/span><\/p><\/div>\n\t\t\t\t<\/div>\n\t\t\t\t<\/div>\n\t\t\t\t\t\t<\/div>\n\t\t\t\t\t<\/div>\n\t\t<\/div>\n\t\t\t\t\t\t\t\t<\/div>\n\t\t\t\t\t<\/div>\n\t\t<\/section>\n\t\t\t\t<section class=\"elementor-section elementor-top-section elementor-element elementor-element-237a94b elementor-section-full_width elementor-section-stretched elementor-section-height-default elementor-section-height-default\" data-id=\"237a94b\" data-element_type=\"section\" data-settings=\"{&quot;stretch_section&quot;:&quot;section-stretched&quot;}\">\n\t\t\t\t\t\t<div class=\"elementor-container elementor-column-gap-default\">\n\t\t\t\t\t\t\t<div class=\"elementor-row\">\n\t\t\t\t\t<div class=\"elementor-column elementor-col-100 elementor-top-column elementor-element elementor-element-68ea900\" data-id=\"68ea900\" data-element_type=\"column\">\n\t\t\t<div class=\"elementor-column-wrap elementor-element-populated\">\n\t\t\t\t\t\t\t<div class=\"elementor-widget-wrap\">\n\t\t\t\t\t\t<div data-over-color=\"\" data-over=\"overlay\" class=\"elementor-element elementor-element-2232b8d elementor-aspect-ratio-169 elementor-widget elementor-widget-video\" data-id=\"2232b8d\" data-element_type=\"widget\" data-settings=\"{&quot;aspect_ratio&quot;:&quot;169&quot;}\" data-widget_type=\"video.default\">\n\t\t\t\t<div class=\"elementor-widget-container\">\n\t\t\t\t\t<div class=\"elementor-wrapper elementor-fit-aspect-ratio elementor-open-inline\">\n\t\t\t\t\t<video class=\"elementor-video\" src=\"https:\/\/josegisbert.es\/wp-content\/uploads\/2020\/12\/VIDEO-SENSAT.mp4\" autoplay=\"\" loop=\"\" playsinline=\"\" controlsList=\"nodownload\"><\/video>\n\t\t\t\t<\/div>\n\t\t\t\t<\/div>\n\t\t\t\t<\/div>\n\t\t\t\t\t\t<\/div>\n\t\t\t\t\t<\/div>\n\t\t<\/div>\n\t\t\t\t\t\t\t\t<\/div>\n\t\t\t\t\t<\/div>\n\t\t<\/section>\n\t\t\t\t<section class=\"elementor-section elementor-top-section elementor-element elementor-element-5a221b5 elementor-section-boxed elementor-section-height-default elementor-section-height-default\" data-id=\"5a221b5\" data-element_type=\"section\">\n\t\t\t\t\t\t<div class=\"elementor-container elementor-column-gap-default\">\n\t\t\t\t\t\t\t<div class=\"elementor-row\">\n\t\t\t\t\t<div class=\"elementor-column elementor-col-100 elementor-top-column elementor-element elementor-element-4d0340b\" data-id=\"4d0340b\" data-element_type=\"column\">\n\t\t\t<div class=\"elementor-column-wrap elementor-element-populated\">\n\t\t\t\t\t\t\t<div class=\"elementor-widget-wrap\">\n\t\t\t\t\t\t<div class=\"elementor-element elementor-element-b95f395 elementor-widget elementor-widget-text-editor\" data-id=\"b95f395\" data-element_type=\"widget\" data-widget_type=\"text-editor.default\">\n\t\t\t\t<div class=\"elementor-widget-container\">\n\t\t\t\t\t<div class=\"elementor-text-editor elementor-clearfix\"><p style=\"text-align: center;\"><strong>Adem\u00e1s, los tejidos de JOS\u00c9 GISBERT cuentan con reconocidas certificaciones oficiales de calidad y responsabilidad ecol\u00f3gica.<\/strong><\/p><\/div>\n\t\t\t\t<\/div>\n\t\t\t\t<\/div>\n\t\t\t\t\t\t<\/div>\n\t\t\t\t\t<\/div>\n\t\t<\/div>\n\t\t\t\t\t\t\t\t<\/div>\n\t\t\t\t\t<\/div>\n\t\t<\/section>\n\t\t\t\t<section class=\"elementor-section elementor-top-section elementor-element elementor-element-2f0c4d0 elementor-section-stretched elementor-section-full_width elementor-section-height-default elementor-section-height-default\" data-id=\"2f0c4d0\" data-element_type=\"section\" data-settings=\"{&quot;stretch_section&quot;:&quot;section-stretched&quot;}\">\n\t\t\t\t\t\t<div class=\"elementor-container elementor-column-gap-narrow\">\n\t\t\t\t\t\t\t<div class=\"elementor-row\">\n\t\t\t\t\t<div class=\"elementor-column elementor-col-50 elementor-top-column elementor-element elementor-element-bf948c3\" data-id=\"bf948c3\" data-element_type=\"column\">\n\t\t\t<div class=\"elementor-column-wrap elementor-element-populated\">\n\t\t\t\t\t\t\t<div class=\"elementor-widget-wrap\">\n\t\t\t\t\t\t<div class=\"elementor-element elementor-element-a30afff elementor-widget elementor-widget-image\" data-id=\"a30afff\" data-element_type=\"widget\" data-widget_type=\"image.default\">\n\t\t\t\t<div class=\"elementor-widget-container\">\n\t\t\t\t\t<div class=\"elementor-image\">\n\t\t\t\t\t\t\t\t\t\t<img width=\"768\" height=\"577\" src=\"https:\/\/josegisbert.es\/wp-content\/uploads\/2024\/05\/GRS-2024-768x577.png\" class=\"attachment-medium_large size-medium_large\" alt=\"\" loading=\"lazy\" srcset=\"https:\/\/josegisbert.es\/wp-content\/uploads\/2024\/05\/GRS-2024-768x577.png 768w, https:\/\/josegisbert.es\/wp-content\/uploads\/2024\/05\/GRS-2024-300x225.png 300w, https:\/\/josegisbert.es\/wp-content\/uploads\/2024\/05\/GRS-2024-1024x769.png 1024w, https:\/\/josegisbert.es\/wp-content\/uploads\/2024\/05\/GRS-2024-1536x1154.png 1536w, https:\/\/josegisbert.es\/wp-content\/uploads\/2024\/05\/GRS-2024-2048x1538.png 2048w, https:\/\/josegisbert.es\/wp-content\/uploads\/2024\/05\/GRS-2024-285x214.png 285w, https:\/\/josegisbert.es\/wp-content\/uploads\/2024\/05\/GRS-2024-1600x1202.png 1600w, https:\/\/josegisbert.es\/wp-content\/uploads\/2024\/05\/GRS-2024-600x451.png 600w, https:\/\/josegisbert.es\/wp-content\/uploads\/2024\/05\/GRS-2024-660x496.png 660w, https:\/\/josegisbert.es\/wp-content\/uploads\/2024\/05\/GRS-2024-150x113.png 150w\" sizes=\"(max-width: 768px) 100vw, 768px\" \/>\t\t\t\t\t\t\t\t\t\t\t<\/div>\n\t\t\t\t<\/div>\n\t\t\t\t<\/div>\n\t\t\t\t\t\t<\/div>\n\t\t\t\t\t<\/div>\n\t\t<\/div>\n\t\t\t\t<div class=\"elementor-column elementor-col-50 elementor-top-column elementor-element elementor-element-0f56a14\" data-id=\"0f56a14\" data-element_type=\"column\">\n\t\t\t<div class=\"elementor-column-wrap elementor-element-populated\">\n\t\t\t\t\t\t\t<div class=\"elementor-widget-wrap\">\n\t\t\t\t\t\t<div class=\"elementor-element elementor-element-b87a628 elementor-widget elementor-widget-heading\" data-id=\"b87a628\" data-element_type=\"widget\" data-widget_type=\"heading.default\">\n\t\t\t\t<div class=\"elementor-widget-container\">\n\t\t\t<h2 class=\"elementor-heading-title elementor-size-default elementor-heading-title elementor-size-default elementor-align-after-center\">GRS (GLOBAL RECYCLED STANDARD)<\/h2>\t\t<\/div>\n\t\t\t\t<\/div>\n\t\t\t\t<div class=\"elementor-element elementor-element-f90c01a elementor-widget elementor-widget-text-editor\" data-id=\"f90c01a\" data-element_type=\"widget\" data-widget_type=\"text-editor.default\">\n\t\t\t\t<div class=\"elementor-widget-container\">\n\t\t\t\t\t<div class=\"elementor-text-editor elementor-clearfix\"><p>La <strong>certificaci\u00f3n GRS asegura no solo el contenido de materia prima reciclada<\/strong> en un producto, sino adem\u00e1s, que todos los procesos de producci\u00f3n, en toda la cadena de suministro, hayan sido sometidos a las medidas adecuadas para <strong>garantizar la integridad del producto final,<\/strong> teniendo en cuenta tambi\u00e9n criterios medioambientales y sociales.<\/p><\/div>\n\t\t\t\t<\/div>\n\t\t\t\t<\/div>\n\t\t\t\t\t\t<\/div>\n\t\t\t\t\t<\/div>\n\t\t<\/div>\n\t\t\t\t\t\t\t\t<\/div>\n\t\t\t\t\t<\/div>\n\t\t<\/section>\n\t\t\t\t<section class=\"elementor-section elementor-top-section elementor-element elementor-element-9972846 elementor-section-stretched elementor-section-full_width elementor-section-height-default elementor-section-height-default\" data-id=\"9972846\" data-element_type=\"section\" data-settings=\"{&quot;stretch_section&quot;:&quot;section-stretched&quot;}\">\n\t\t\t\t\t\t<div class=\"elementor-container elementor-column-gap-narrow\">\n\t\t\t\t\t\t\t<div class=\"elementor-row\">\n\t\t\t\t\t<div class=\"elementor-column elementor-col-50 elementor-top-column elementor-element elementor-element-753c519\" data-id=\"753c519\" data-element_type=\"column\">\n\t\t\t<div class=\"elementor-column-wrap elementor-element-populated\">\n\t\t\t\t\t\t\t<div class=\"elementor-widget-wrap\">\n\t\t\t\t\t\t<div class=\"elementor-element elementor-element-cd90264 elementor-widget__width-inherit elementor-widget elementor-widget-image\" data-id=\"cd90264\" data-element_type=\"widget\" data-widget_type=\"image.default\">\n\t\t\t\t<div class=\"elementor-widget-container\">\n\t\t\t\t\t<div class=\"elementor-image\">\n\t\t\t\t\t\t\t\t\t\t<img width=\"605\" height=\"75\" src=\"https:\/\/josegisbert.es\/wp-content\/uploads\/2020\/08\/seaqual-logo.png\" class=\"attachment-medium_large size-medium_large\" alt=\"\" loading=\"lazy\" srcset=\"https:\/\/josegisbert.es\/wp-content\/uploads\/2020\/08\/seaqual-logo.png 605w, https:\/\/josegisbert.es\/wp-content\/uploads\/2020\/08\/seaqual-logo-300x37.png 300w, https:\/\/josegisbert.es\/wp-content\/uploads\/2020\/08\/seaqual-logo-285x35.png 285w, https:\/\/josegisbert.es\/wp-content\/uploads\/2020\/08\/seaqual-logo-600x74.png 600w, https:\/\/josegisbert.es\/wp-content\/uploads\/2020\/08\/seaqual-logo-150x19.png 150w\" sizes=\"(max-width: 605px) 100vw, 605px\" \/>\t\t\t\t\t\t\t\t\t\t\t<\/div>\n\t\t\t\t<\/div>\n\t\t\t\t<\/div>\n\t\t\t\t\t\t<\/div>\n\t\t\t\t\t<\/div>\n\t\t<\/div>\n\t\t\t\t<div class=\"elementor-column elementor-col-50 elementor-top-column elementor-element elementor-element-6b9697a\" data-id=\"6b9697a\" data-element_type=\"column\">\n\t\t\t<div class=\"elementor-column-wrap elementor-element-populated\">\n\t\t\t\t\t\t\t<div class=\"elementor-widget-wrap\">\n\t\t\t\t\t\t<div class=\"elementor-element elementor-element-e2cd368 elementor-widget elementor-widget-heading\" data-id=\"e2cd368\" data-element_type=\"widget\" data-widget_type=\"heading.default\">\n\t\t\t\t<div class=\"elementor-widget-container\">\n\t\t\t<h2 class=\"elementor-heading-title elementor-size-default elementor-heading-title elementor-size-default elementor-align-after-center\"><p>SEAQUAL INITIATIVE<\/p><\/h2>\t\t<\/div>\n\t\t\t\t<\/div>\n\t\t\t\t<div class=\"elementor-element elementor-element-5a29c5a elementor-widget elementor-widget-text-editor\" data-id=\"5a29c5a\" data-element_type=\"widget\" data-widget_type=\"text-editor.default\">\n\t\t\t\t<div class=\"elementor-widget-container\">\n\t\t\t\t\t<div class=\"elementor-text-editor elementor-clearfix\"><p>Nuestra empresa es <strong>licenciataria de la Iniciativa Seaqual<\/strong>, una comunidad que act\u00faa conjuntamente en contra de la contaminaci\u00f3n pl\u00e1stica. En ella se re\u00fanen distintas empresas, asociaciones y personas que trabajan para ayudar a limpiar nuestros oc\u00e9anos y crear conciencia sobre la problem\u00e1tica de la basura marina.<br \/>Esta licencia entra dentro de la certificaci\u00f3n GRS, que certifica que el poli\u00e9ster utilizado en la producci\u00f3n de los tejidos que lo incluyen ha sido obtenido de los deshechos <strong>pl\u00e1sticos extra\u00eddos del mar (10%) y de botellas post consumo (90%)<\/strong>. Utilizando esta materia prima reciclada contribuimos a preservar nuestros recursos naturales, cada vez m\u00e1s escasos y a mantener limpios los oc\u00e9anos<\/p><\/div>\n\t\t\t\t<\/div>\n\t\t\t\t<\/div>\n\t\t\t\t\t\t<\/div>\n\t\t\t\t\t<\/div>\n\t\t<\/div>\n\t\t\t\t\t\t\t\t<\/div>\n\t\t\t\t\t<\/div>\n\t\t<\/section>\n\t\t\t\t<section class=\"elementor-section elementor-top-section elementor-element elementor-element-8b7b5d5 elementor-section-stretched elementor-section-full_width elementor-section-height-default elementor-section-height-default\" data-id=\"8b7b5d5\" data-element_type=\"section\" data-settings=\"{&quot;stretch_section&quot;:&quot;section-stretched&quot;}\">\n\t\t\t\t\t\t<div class=\"elementor-container elementor-column-gap-narrow\">\n\t\t\t\t\t\t\t<div class=\"elementor-row\">\n\t\t\t\t\t<div class=\"elementor-column elementor-col-50 elementor-top-column elementor-element elementor-element-3ef2ddc\" data-id=\"3ef2ddc\" data-element_type=\"column\">\n\t\t\t<div class=\"elementor-column-wrap elementor-element-populated\">\n\t\t\t\t\t\t\t<div class=\"elementor-widget-wrap\">\n\t\t\t\t\t\t<div class=\"elementor-element elementor-element-0bfe677 elementor-widget__width-inherit elementor-widget elementor-widget-image\" data-id=\"0bfe677\" data-element_type=\"widget\" data-widget_type=\"image.default\">\n\t\t\t\t<div class=\"elementor-widget-container\">\n\t\t\t\t\t<div class=\"elementor-image\">\n\t\t\t\t\t\t\t\t\t\t<img width=\"768\" height=\"896\" src=\"https:\/\/josegisbert.es\/wp-content\/uploads\/2024\/05\/GOTS-2024-768x896.png\" class=\"attachment-medium_large size-medium_large\" alt=\"\" loading=\"lazy\" srcset=\"https:\/\/josegisbert.es\/wp-content\/uploads\/2024\/05\/GOTS-2024-768x896.png 768w, https:\/\/josegisbert.es\/wp-content\/uploads\/2024\/05\/GOTS-2024-257x300.png 257w, https:\/\/josegisbert.es\/wp-content\/uploads\/2024\/05\/GOTS-2024-878x1024.png 878w, https:\/\/josegisbert.es\/wp-content\/uploads\/2024\/05\/GOTS-2024-285x332.png 285w, https:\/\/josegisbert.es\/wp-content\/uploads\/2024\/05\/GOTS-2024-600x700.png 600w, https:\/\/josegisbert.es\/wp-content\/uploads\/2024\/05\/GOTS-2024-566x660.png 566w, https:\/\/josegisbert.es\/wp-content\/uploads\/2024\/05\/GOTS-2024-129x150.png 129w, https:\/\/josegisbert.es\/wp-content\/uploads\/2024\/05\/GOTS-2024.png 1063w\" sizes=\"(max-width: 768px) 100vw, 768px\" \/>\t\t\t\t\t\t\t\t\t\t\t<\/div>\n\t\t\t\t<\/div>\n\t\t\t\t<\/div>\n\t\t\t\t\t\t<\/div>\n\t\t\t\t\t<\/div>\n\t\t<\/div>\n\t\t\t\t<div class=\"elementor-column elementor-col-50 elementor-top-column elementor-element elementor-element-09fd6e7\" data-id=\"09fd6e7\" data-element_type=\"column\">\n\t\t\t<div class=\"elementor-column-wrap elementor-element-populated\">\n\t\t\t\t\t\t\t<div class=\"elementor-widget-wrap\">\n\t\t\t\t\t\t<div class=\"elementor-element elementor-element-8c95171 elementor-widget elementor-widget-heading\" data-id=\"8c95171\" data-element_type=\"widget\" data-widget_type=\"heading.default\">\n\t\t\t\t<div class=\"elementor-widget-container\">\n\t\t\t<h2 class=\"elementor-heading-title elementor-size-default elementor-heading-title elementor-size-default elementor-align-after-center\"><p>GOTS (GLOBAL ORGANIC TEXTILE STANDARD)<\/p><\/h2>\t\t<\/div>\n\t\t\t\t<\/div>\n\t\t\t\t<div class=\"elementor-element elementor-element-dbd9f4b elementor-widget elementor-widget-text-editor\" data-id=\"dbd9f4b\" data-element_type=\"widget\" data-widget_type=\"text-editor.default\">\n\t\t\t\t<div class=\"elementor-widget-container\">\n\t\t\t\t\t<div class=\"elementor-text-editor elementor-clearfix\"><p>Los tejidos englobados bajo la certificaci\u00f3n GLOBAL ORGANIC TEXTILE STANDARD (GOTS) han sido fabricados con <strong>algod\u00f3n org\u00e1nico, cultivado sin pesticidas, insecticidas y herbicidas.<\/strong> Utilizando m\u00e9todos y materiales responsables que tienen un bajo impacto en el medio ambiente, asegurando una trazabilidad controlada.<\/p><\/div>\n\t\t\t\t<\/div>\n\t\t\t\t<\/div>\n\t\t\t\t\t\t<\/div>\n\t\t\t\t\t<\/div>\n\t\t<\/div>\n\t\t\t\t\t\t\t\t<\/div>\n\t\t\t\t\t<\/div>\n\t\t<\/section>\n\t\t\t\t<section class=\"elementor-section elementor-top-section elementor-element elementor-element-0a09b08 elementor-section-stretched elementor-section-full_width elementor-section-height-default elementor-section-height-default\" data-id=\"0a09b08\" data-element_type=\"section\" data-settings=\"{&quot;stretch_section&quot;:&quot;section-stretched&quot;}\">\n\t\t\t\t\t\t<div class=\"elementor-container elementor-column-gap-narrow\">\n\t\t\t\t\t\t\t<div class=\"elementor-row\">\n\t\t\t\t\t<div class=\"elementor-column elementor-col-50 elementor-top-column elementor-element elementor-element-6ff62b9\" data-id=\"6ff62b9\" data-element_type=\"column\">\n\t\t\t<div class=\"elementor-column-wrap elementor-element-populated\">\n\t\t\t\t\t\t\t<div class=\"elementor-widget-wrap\">\n\t\t\t\t\t\t<div class=\"elementor-element elementor-element-583e3c7 elementor-widget__width-inherit elementor-widget elementor-widget-image\" data-id=\"583e3c7\" data-element_type=\"widget\" data-widget_type=\"image.default\">\n\t\t\t\t<div class=\"elementor-widget-container\">\n\t\t\t\t\t<div class=\"elementor-image\">\n\t\t\t\t\t\t\t\t\t\t<img width=\"768\" height=\"158\" src=\"https:\/\/josegisbert.es\/wp-content\/uploads\/2022\/12\/ECOVERO-768x158.png\" class=\"attachment-medium_large size-medium_large\" alt=\"\" loading=\"lazy\" srcset=\"https:\/\/josegisbert.es\/wp-content\/uploads\/2022\/12\/ECOVERO-768x158.png 768w, https:\/\/josegisbert.es\/wp-content\/uploads\/2022\/12\/ECOVERO-300x62.png 300w, https:\/\/josegisbert.es\/wp-content\/uploads\/2022\/12\/ECOVERO-1024x211.png 1024w, https:\/\/josegisbert.es\/wp-content\/uploads\/2022\/12\/ECOVERO-285x59.png 285w, https:\/\/josegisbert.es\/wp-content\/uploads\/2022\/12\/ECOVERO-600x123.png 600w, https:\/\/josegisbert.es\/wp-content\/uploads\/2022\/12\/ECOVERO-660x136.png 660w, https:\/\/josegisbert.es\/wp-content\/uploads\/2022\/12\/ECOVERO-150x31.png 150w, https:\/\/josegisbert.es\/wp-content\/uploads\/2022\/12\/ECOVERO.png 1215w\" sizes=\"(max-width: 768px) 100vw, 768px\" \/>\t\t\t\t\t\t\t\t\t\t\t<\/div>\n\t\t\t\t<\/div>\n\t\t\t\t<\/div>\n\t\t\t\t\t\t<\/div>\n\t\t\t\t\t<\/div>\n\t\t<\/div>\n\t\t\t\t<div class=\"elementor-column elementor-col-50 elementor-top-column elementor-element elementor-element-14436e4\" data-id=\"14436e4\" data-element_type=\"column\">\n\t\t\t<div class=\"elementor-column-wrap elementor-element-populated\">\n\t\t\t\t\t\t\t<div class=\"elementor-widget-wrap\">\n\t\t\t\t\t\t<div class=\"elementor-element elementor-element-a4b76fd elementor-widget elementor-widget-heading\" data-id=\"a4b76fd\" data-element_type=\"widget\" data-widget_type=\"heading.default\">\n\t\t\t\t<div class=\"elementor-widget-container\">\n\t\t\t<h2 class=\"elementor-heading-title elementor-size-default elementor-heading-title elementor-size-default elementor-align-after-center\"><p>LENZING\u2122 ECOVERO\u2122<\/p><\/h2>\t\t<\/div>\n\t\t\t\t<\/div>\n\t\t\t\t<div class=\"elementor-element elementor-element-de40fcd elementor-widget elementor-widget-text-editor\" data-id=\"de40fcd\" data-element_type=\"widget\" data-widget_type=\"text-editor.default\">\n\t\t\t\t<div class=\"elementor-widget-container\">\n\t\t\t\t\t<div class=\"elementor-text-editor elementor-clearfix\"><p>La licencia Lenzing\u2122 EcoVero\u2122 asegura que las fibras de viscosa Lenzing\u2122 EcoVero\u2122 que utilizamos en nuestra <b>producci\u00f3n provienen de fuentes renovables<\/b> <b>de madera certificadas y controladas<\/b>.<br \/>Adem\u00e1s, estas fibras <b>est\u00e1n certificadas con la etiqueta ecol\u00f3gica de la UE,<\/b> reconocida internacionalmente. Esta etiqueta de excelencia medioambiental solamente se otorga a productos y servicios que tienen un impacto significativamente bajo en el medio ambiente durante su ciclo de vida: desde la extracci\u00f3n de la materia prima hasta la producci\u00f3n, la distribuci\u00f3n y la eliminaci\u00f3n.<\/p><\/div>\n\t\t\t\t<\/div>\n\t\t\t\t<\/div>\n\t\t\t\t\t\t<\/div>\n\t\t\t\t\t<\/div>\n\t\t<\/div>\n\t\t\t\t\t\t\t\t<\/div>\n\t\t\t\t\t<\/div>\n\t\t<\/section>\n\t\t\t\t<section class=\"elementor-section elementor-top-section elementor-element elementor-element-b40522c elementor-section-boxed elementor-section-height-default elementor-section-height-default\" data-id=\"b40522c\" data-element_type=\"section\">\n\t\t\t\t\t\t<div class=\"elementor-container elementor-column-gap-default\">\n\t\t\t\t\t\t\t<div class=\"elementor-row\">\n\t\t\t\t\t<div class=\"elementor-column elementor-col-100 elementor-top-column elementor-element elementor-element-33d57f4\" data-id=\"33d57f4\" data-element_type=\"column\">\n\t\t\t<div class=\"elementor-column-wrap elementor-element-populated\">\n\t\t\t\t\t\t\t<div class=\"elementor-widget-wrap\">\n\t\t\t\t\t\t<div class=\"elementor-element elementor-element-5496cfa elementor-widget elementor-widget-text-editor\" data-id=\"5496cfa\" data-element_type=\"widget\" data-widget_type=\"text-editor.default\">\n\t\t\t\t<div class=\"elementor-widget-container\">\n\t\t\t\t\t<div class=\"elementor-text-editor elementor-clearfix\"><p style=\"text-align: center;\">Podemos garantizar que <b>nuestros art\u00edculos son VEGANOS<\/b>, puesto que no usan fibras ni materiales (colorantes, pegamentos, ceras, grasas, aceites y otros) derivados de animales, ni que hayan sido testados con animales.<\/p><\/div>\n\t\t\t\t<\/div>\n\t\t\t\t<\/div>\n\t\t\t\t\t\t<\/div>\n\t\t\t\t\t<\/div>\n\t\t<\/div>\n\t\t\t\t\t\t\t\t<\/div>\n\t\t\t\t\t<\/div>\n\t\t<\/section>\n\t\t\t\t\t\t<\/div>\n\t\t\t\t\t\t<\/div>\n\t\t\t\t\t<\/div>\n\t\t","protected":false},"excerpt":{"rendered":"<p>Cada d\u00eda, la poblaci\u00f3n es m\u00e1s consciente de que debemos cuidar y preservar nuestro planeta, y por ello,&#8230;<\/p>\n","protected":false},"author":1,"featured_media":0,"parent":0,"menu_order":0,"comment_status":"closed","ping_status":"closed","template":"","meta":[],"yoast_head":"<!-- This site is optimized with the Yoast SEO plugin v15.4 - https:\/\/yoast.com\/wordpress\/plugins\/seo\/ -->\n<title>Productos sostenibles y certificados - Jose Gisbert<\/title>\n<meta name=\"robots\" content=\"noindex, follow\" \/>\n<meta property=\"og:locale\" content=\"es_ES\" \/>\n<meta property=\"og:type\" content=\"article\" \/>\n<meta property=\"og:title\" content=\"Productos sostenibles y certificados - Jose Gisbert\" \/>\n<meta property=\"og:description\" content=\"Cada d\u00eda, la poblaci\u00f3n es m\u00e1s consciente de que debemos cuidar y preservar nuestro planeta, y por ello,...\" \/>\n<meta property=\"og:url\" content=\"https:\/\/josegisbert.es\/es\/es\/productos-sostenibles-y-certificados\/\" \/>\n<meta property=\"og:site_name\" content=\"Jose Gisbert\" \/>\n<meta property=\"article:modified_time\" content=\"2024-05-27T10:49:41+00:00\" \/>\n<meta property=\"og:image\" content=\"https:\/\/josegisbert.es\/wp-content\/uploads\/2024\/05\/GRS-2024-768x577.png\" \/>\n<meta name=\"twitter:card\" content=\"summary_large_image\" \/>\n<meta name=\"twitter:label1\" content=\"Escrito por\">\n\t<meta name=\"twitter:data1\" content=\"admin_JoseGisbi\">\n\t<meta name=\"twitter:label2\" content=\"Tiempo de lectura\">\n\t<meta name=\"twitter:data2\" content=\"2 minutos\">\n<script type=\"application\/ld+json\" class=\"yoast-schema-graph\">{\"@context\":\"https:\/\/schema.org\",\"@graph\":[{\"@type\":\"WebSite\",\"@id\":\"https:\/\/josegisbert.es\/es\/es\/#website\",\"url\":\"https:\/\/josegisbert.es\/es\/es\/\",\"name\":\"Jose Gisbert\",\"description\":\"\",\"potentialAction\":[{\"@type\":\"SearchAction\",\"target\":\"https:\/\/josegisbert.es\/es\/es\/?s={search_term_string}\",\"query-input\":\"required name=search_term_string\"}],\"inLanguage\":\"es\"},{\"@type\":\"ImageObject\",\"@id\":\"https:\/\/josegisbert.es\/es\/es\/productos-sostenibles-y-certificados\/#primaryimage\",\"inLanguage\":\"es\",\"url\":\"https:\/\/josegisbert.es\/wp-content\/uploads\/2024\/05\/GRS-2024.png\",\"width\":2290,\"height\":1720},{\"@type\":\"WebPage\",\"@id\":\"https:\/\/josegisbert.es\/es\/es\/productos-sostenibles-y-certificados\/#webpage\",\"url\":\"https:\/\/josegisbert.es\/es\/es\/productos-sostenibles-y-certificados\/\",\"name\":\"Productos sostenibles y certificados - Jose Gisbert\",\"isPartOf\":{\"@id\":\"https:\/\/josegisbert.es\/es\/es\/#website\"},\"primaryImageOfPage\":{\"@id\":\"https:\/\/josegisbert.es\/es\/es\/productos-sostenibles-y-certificados\/#primaryimage\"},\"datePublished\":\"2020-12-09T08:14:17+00:00\",\"dateModified\":\"2024-05-27T10:49:41+00:00\",\"inLanguage\":\"es\",\"potentialAction\":[{\"@type\":\"ReadAction\",\"target\":[\"https:\/\/josegisbert.es\/es\/es\/productos-sostenibles-y-certificados\/\"]}]}]}<\/script>\n<!-- \/ Yoast SEO plugin. -->","_links":{"self":[{"href":"https:\/\/josegisbert.es\/es\/es\/wp-json\/wp\/v2\/pages\/2788"}],"collection":[{"href":"https:\/\/josegisbert.es\/es\/es\/wp-json\/wp\/v2\/pages"}],"about":[{"href":"https:\/\/josegisbert.es\/es\/es\/wp-json\/wp\/v2\/types\/page"}],"author":[{"embeddable":true,"href":"https:\/\/josegisbert.es\/es\/es\/wp-json\/wp\/v2\/users\/1"}],"replies":[{"embeddable":true,"href":"https:\/\/josegisbert.es\/es\/es\/wp-json\/wp\/v2\/comments?post=2788"}],"version-history":[{"count":3,"href":"https:\/\/josegisbert.es\/es\/es\/wp-json\/wp\/v2\/pages\/2788\/revisions"}],"predecessor-version":[{"id":7243,"href":"https:\/\/josegisbert.es\/es\/es\/wp-json\/wp\/v2\/pages\/2788\/revisions\/7243"}],"wp:attachment":[{"href":"https:\/\/josegisbert.es\/es\/es\/wp-json\/wp\/v2\/media?parent=2788"}],"curies":[{"name":"wp","href":"https:\/\/api.w.org\/{rel}","templated":true}]}}